{"id":54,"date":"2025-12-11T10:00:37","date_gmt":"2025-12-11T08:00:37","guid":{"rendered":"http:\/\/www.mirak.vlab.fi\/Pentulive\/?page_id=54"},"modified":"2025-12-11T10:00:37","modified_gmt":"2025-12-11T08:00:37","slug":"pentujen-lahteminen","status":"publish","type":"page","link":"https:\/\/www.mirak.vlab.fi\/Pentulive\/index.php\/pentujen-lahteminen\/","title":{"rendered":"Pentujen l\u00e4hteminen"},"content":{"rendered":"\n<p>Pennut ovat alkaneet nyt l\u00e4hte\u00e4 uusiin koteihinsa. 6.12. l\u00e4htiv\u00e4t Tatti, Havu ja Hanki. 15.12. p\u00e4\u00e4ttyy Pentulive, mutta muut koiranpennut eiv\u00e4t n\u00e4ill\u00e4 n\u00e4kymin ole viel\u00e4 l\u00e4hd\u00f6ss\u00e4, vaan jatkavat kasvattajan luona liven lopetuksen j\u00e4lkeenkin. Huh!<\/p>\n","protected":false},"excerpt":{"rendered":"<p>Pennut ovat alkaneet nyt l\u00e4hte\u00e4 uusiin koteihinsa. 6.12. l\u00e4htiv\u00e4t Tatti, Havu ja Hanki. 15.12. p\u00e4\u00e4ttyy Pentulive, mutta muut koiranpennut eiv\u00e4t n\u00e4ill\u00e4 n\u00e4kymin ole viel\u00e4 l\u00e4hd\u00f6ss\u00e4, vaan jatkavat kasvattajan luona liven lopetuksen j\u00e4lkeenkin. Huh!<\/p>\n","protected":false},"author":1,"featured_media":0,"parent":0,"menu_order":0,"comment_status":"closed","ping_status":"closed","template":"","meta":{"footnotes":""},"class_list":["post-54","page","type-page","status-publish","hentry"],"_links":{"self":[{"href":"https:\/\/www.mirak.vlab.fi\/Pentulive\/index.php\/wp-json\/wp\/v2\/pages\/54","targetHints":{"allow":["GET"]}}],"collection":[{"href":"https:\/\/www.mirak.vlab.fi\/Pentulive\/index.php\/wp-json\/wp\/v2\/pages"}],"about":[{"href":"https:\/\/www.mirak.vlab.fi\/Pentulive\/index.php\/wp-json\/wp\/v2\/types\/page"}],"author":[{"embeddable":true,"href":"https:\/\/www.mirak.vlab.fi\/Pentulive\/index.php\/wp-json\/wp\/v2\/users\/1"}],"replies":[{"embeddable":true,"href":"https:\/\/www.mirak.vlab.fi\/Pentulive\/index.php\/wp-json\/wp\/v2\/comments?post=54"}],"version-history":[{"count":1,"href":"https:\/\/www.mirak.vlab.fi\/Pentulive\/index.php\/wp-json\/wp\/v2\/pages\/54\/revisions"}],"predecessor-version":[{"id":56,"href":"https:\/\/www.mirak.vlab.fi\/Pentulive\/index.php\/wp-json\/wp\/v2\/pages\/54\/revisions\/56"}],"wp:attachment":[{"href":"https:\/\/www.mirak.vlab.fi\/Pentulive\/index.php\/wp-json\/wp\/v2\/media?parent=54"}],"curies":[{"name":"wp","href":"https:\/\/api.w.org\/{rel}","templated":true}]}}