{"id":9,"date":"2025-11-25T11:48:48","date_gmt":"2025-11-25T11:48:48","guid":{"rendered":"http:\/\/www.mirak.vlab.fi\/Pentulive\/?page_id=9"},"modified":"2025-11-25T11:51:58","modified_gmt":"2025-11-25T11:51:58","slug":"pentulive-2025","status":"publish","type":"page","link":"https:\/\/www.mirak.vlab.fi\/Pentulive\/","title":{"rendered":"Pentulive 2025"},"content":{"rendered":"\n<p>Pentulive on Yle Areenassa esitett\u00e4v\u00e4 8 viikkoa kest\u00e4v\u00e4 livel\u00e4hetys, jonka aikana seurataan koiranpentujen kasvua syntym\u00e4st\u00e4 luovutusik\u00e4\u00e4n asti. T\u00e4m\u00e4n vuoden Pentulive on j\u00e4rjestyksess\u00e4\u00e4n viides, ja nyt rotuna on englanninspringerspaniel. Koiranpentujen emo Muru on ensimm\u00e4ist\u00e4 kertaa emon hommissa &#8211; ja pentuja syntyi 15.10. 11 kappaletta! Siin\u00e4 riitt\u00e4\u00e4 Murulla tekemist\u00e4.<\/p>\n\n\n\n<figure class=\"wp-block-image size-full\"><img loading=\"lazy\" decoding=\"async\" width=\"497\" height=\"488\" src=\"http:\/\/www.mirak.vlab.fi\/Pentulive\/wp-content\/uploads\/2025\/11\/Screenshot-2025-11-25-133552.png\" alt=\"\" class=\"wp-image-10\" srcset=\"https:\/\/www.mirak.vlab.fi\/Pentulive\/wp-content\/uploads\/2025\/11\/Screenshot-2025-11-25-133552.png 497w, https:\/\/www.mirak.vlab.fi\/Pentulive\/wp-content\/uploads\/2025\/11\/Screenshot-2025-11-25-133552-300x295.png 300w, https:\/\/www.mirak.vlab.fi\/Pentulive\/wp-content\/uploads\/2025\/11\/Screenshot-2025-11-25-133552-380x373.png 380w\" sizes=\"auto, (max-width: 497px) 85vw, 497px\" \/><\/figure>\n\n\n\n<p>Kuva: Yle Areena<\/p>\n\n\n\n<p>Pentuja syntyi tosiaan 11 kappaletta, ja he saivat seuraavat nimet:<\/p>\n\n\n\n<figure class=\"wp-block-image size-full is-resized\"><img loading=\"lazy\" decoding=\"async\" width=\"550\" height=\"241\" src=\"http:\/\/www.mirak.vlab.fi\/Pentulive\/wp-content\/uploads\/2025\/11\/Screenshot-2025-11-25-133755.png\" alt=\"\" class=\"wp-image-11\" style=\"width:549px;height:auto\" srcset=\"https:\/\/www.mirak.vlab.fi\/Pentulive\/wp-content\/uploads\/2025\/11\/Screenshot-2025-11-25-133755.png 550w, https:\/\/www.mirak.vlab.fi\/Pentulive\/wp-content\/uploads\/2025\/11\/Screenshot-2025-11-25-133755-300x131.png 300w, https:\/\/www.mirak.vlab.fi\/Pentulive\/wp-content\/uploads\/2025\/11\/Screenshot-2025-11-25-133755-380x167.png 380w\" sizes=\"auto, (max-width: 550px) 85vw, 550px\" \/><\/figure>\n\n\n\n<p class=\"has-text-align-left\">1. Tatti (tytt\u00f6)<\/p>\n\n\n\n<figure class=\"wp-block-image size-full is-resized\"><img loading=\"lazy\" decoding=\"async\" width=\"539\" height=\"234\" src=\"http:\/\/www.mirak.vlab.fi\/Pentulive\/wp-content\/uploads\/2025\/11\/Screenshot-2025-11-25-133828.png\" alt=\"\" class=\"wp-image-12\" style=\"width:548px;height:auto\" srcset=\"https:\/\/www.mirak.vlab.fi\/Pentulive\/wp-content\/uploads\/2025\/11\/Screenshot-2025-11-25-133828.png 539w, https:\/\/www.mirak.vlab.fi\/Pentulive\/wp-content\/uploads\/2025\/11\/Screenshot-2025-11-25-133828-300x130.png 300w, https:\/\/www.mirak.vlab.fi\/Pentulive\/wp-content\/uploads\/2025\/11\/Screenshot-2025-11-25-133828-380x165.png 380w\" sizes=\"auto, (max-width: 539px) 85vw, 539px\" \/><\/figure>\n\n\n\n<p>2. Lakka (tytt\u00f6)<\/p>\n\n\n\n<figure class=\"wp-block-image size-full\"><img loading=\"lazy\" decoding=\"async\" width=\"544\" height=\"236\" src=\"http:\/\/www.mirak.vlab.fi\/Pentulive\/wp-content\/uploads\/2025\/11\/Screenshot-2025-11-25-134145.png\" alt=\"\" class=\"wp-image-13\" srcset=\"https:\/\/www.mirak.vlab.fi\/Pentulive\/wp-content\/uploads\/2025\/11\/Screenshot-2025-11-25-134145.png 544w, https:\/\/www.mirak.vlab.fi\/Pentulive\/wp-content\/uploads\/2025\/11\/Screenshot-2025-11-25-134145-300x130.png 300w, https:\/\/www.mirak.vlab.fi\/Pentulive\/wp-content\/uploads\/2025\/11\/Screenshot-2025-11-25-134145-380x165.png 380w\" sizes=\"auto, (max-width: 544px) 85vw, 544px\" \/><\/figure>\n\n\n\n<p>3. Myrsky (poika)<\/p>\n\n\n\n<figure class=\"wp-block-image size-full\"><img loading=\"lazy\" decoding=\"async\" width=\"541\" height=\"220\" src=\"http:\/\/www.mirak.vlab.fi\/Pentulive\/wp-content\/uploads\/2025\/11\/Screenshot-2025-11-25-134238.png\" alt=\"\" class=\"wp-image-14\" srcset=\"https:\/\/www.mirak.vlab.fi\/Pentulive\/wp-content\/uploads\/2025\/11\/Screenshot-2025-11-25-134238.png 541w, https:\/\/www.mirak.vlab.fi\/Pentulive\/wp-content\/uploads\/2025\/11\/Screenshot-2025-11-25-134238-300x122.png 300w, https:\/\/www.mirak.vlab.fi\/Pentulive\/wp-content\/uploads\/2025\/11\/Screenshot-2025-11-25-134238-380x155.png 380w\" sizes=\"auto, (max-width: 541px) 85vw, 541px\" \/><\/figure>\n\n\n\n<p>4. Kaste (tytt\u00f6)<\/p>\n\n\n\n<figure class=\"wp-block-image size-full\"><img loading=\"lazy\" decoding=\"async\" width=\"541\" height=\"198\" src=\"http:\/\/www.mirak.vlab.fi\/Pentulive\/wp-content\/uploads\/2025\/11\/Screenshot-2025-11-25-134259-2.png\" alt=\"\" class=\"wp-image-17\" srcset=\"https:\/\/www.mirak.vlab.fi\/Pentulive\/wp-content\/uploads\/2025\/11\/Screenshot-2025-11-25-134259-2.png 541w, https:\/\/www.mirak.vlab.fi\/Pentulive\/wp-content\/uploads\/2025\/11\/Screenshot-2025-11-25-134259-2-300x110.png 300w, https:\/\/www.mirak.vlab.fi\/Pentulive\/wp-content\/uploads\/2025\/11\/Screenshot-2025-11-25-134259-2-380x139.png 380w\" sizes=\"auto, (max-width: 541px) 85vw, 541px\" \/><\/figure>\n\n\n\n<p>5. Havu (poika)<\/p>\n\n\n\n<figure class=\"wp-block-image size-full\"><img loading=\"lazy\" decoding=\"async\" width=\"533\" height=\"228\" src=\"http:\/\/www.mirak.vlab.fi\/Pentulive\/wp-content\/uploads\/2025\/11\/Screenshot-2025-11-25-134414.png\" alt=\"\" class=\"wp-image-18\" srcset=\"https:\/\/www.mirak.vlab.fi\/Pentulive\/wp-content\/uploads\/2025\/11\/Screenshot-2025-11-25-134414.png 533w, https:\/\/www.mirak.vlab.fi\/Pentulive\/wp-content\/uploads\/2025\/11\/Screenshot-2025-11-25-134414-300x128.png 300w, https:\/\/www.mirak.vlab.fi\/Pentulive\/wp-content\/uploads\/2025\/11\/Screenshot-2025-11-25-134414-380x163.png 380w\" sizes=\"auto, (max-width: 533px) 85vw, 533px\" \/><\/figure>\n\n\n\n<p>6. Puro (poika)<\/p>\n\n\n\n<figure class=\"wp-block-image size-full\"><img loading=\"lazy\" decoding=\"async\" width=\"537\" height=\"242\" src=\"http:\/\/www.mirak.vlab.fi\/Pentulive\/wp-content\/uploads\/2025\/11\/Screenshot-2025-11-25-134456.png\" alt=\"\" class=\"wp-image-19\" srcset=\"https:\/\/www.mirak.vlab.fi\/Pentulive\/wp-content\/uploads\/2025\/11\/Screenshot-2025-11-25-134456.png 537w, https:\/\/www.mirak.vlab.fi\/Pentulive\/wp-content\/uploads\/2025\/11\/Screenshot-2025-11-25-134456-300x135.png 300w, https:\/\/www.mirak.vlab.fi\/Pentulive\/wp-content\/uploads\/2025\/11\/Screenshot-2025-11-25-134456-380x171.png 380w\" sizes=\"auto, (max-width: 537px) 85vw, 537px\" \/><\/figure>\n\n\n\n<p>7. Tuisku (poika)<\/p>\n\n\n\n<figure class=\"wp-block-image size-full\"><img loading=\"lazy\" decoding=\"async\" width=\"533\" height=\"235\" src=\"http:\/\/www.mirak.vlab.fi\/Pentulive\/wp-content\/uploads\/2025\/11\/Screenshot-2025-11-25-134528.png\" alt=\"\" class=\"wp-image-20\" srcset=\"https:\/\/www.mirak.vlab.fi\/Pentulive\/wp-content\/uploads\/2025\/11\/Screenshot-2025-11-25-134528.png 533w, https:\/\/www.mirak.vlab.fi\/Pentulive\/wp-content\/uploads\/2025\/11\/Screenshot-2025-11-25-134528-300x132.png 300w, https:\/\/www.mirak.vlab.fi\/Pentulive\/wp-content\/uploads\/2025\/11\/Screenshot-2025-11-25-134528-380x168.png 380w\" sizes=\"auto, (max-width: 533px) 85vw, 533px\" \/><\/figure>\n\n\n\n<p>8. Hanki (poika)<\/p>\n\n\n\n<figure class=\"wp-block-image size-full\"><img loading=\"lazy\" decoding=\"async\" width=\"535\" height=\"232\" src=\"http:\/\/www.mirak.vlab.fi\/Pentulive\/wp-content\/uploads\/2025\/11\/Screenshot-2025-11-25-134558.png\" alt=\"\" class=\"wp-image-21\" srcset=\"https:\/\/www.mirak.vlab.fi\/Pentulive\/wp-content\/uploads\/2025\/11\/Screenshot-2025-11-25-134558.png 535w, https:\/\/www.mirak.vlab.fi\/Pentulive\/wp-content\/uploads\/2025\/11\/Screenshot-2025-11-25-134558-300x130.png 300w, https:\/\/www.mirak.vlab.fi\/Pentulive\/wp-content\/uploads\/2025\/11\/Screenshot-2025-11-25-134558-380x165.png 380w\" sizes=\"auto, (max-width: 535px) 85vw, 535px\" \/><\/figure>\n\n\n\n<p>9. Tupru (poika)<\/p>\n\n\n\n<figure class=\"wp-block-image size-full\"><img loading=\"lazy\" decoding=\"async\" width=\"542\" height=\"239\" src=\"http:\/\/www.mirak.vlab.fi\/Pentulive\/wp-content\/uploads\/2025\/11\/Screenshot-2025-11-25-134634.png\" alt=\"\" class=\"wp-image-22\" srcset=\"https:\/\/www.mirak.vlab.fi\/Pentulive\/wp-content\/uploads\/2025\/11\/Screenshot-2025-11-25-134634.png 542w, https:\/\/www.mirak.vlab.fi\/Pentulive\/wp-content\/uploads\/2025\/11\/Screenshot-2025-11-25-134634-300x132.png 300w, https:\/\/www.mirak.vlab.fi\/Pentulive\/wp-content\/uploads\/2025\/11\/Screenshot-2025-11-25-134634-380x168.png 380w\" sizes=\"auto, (max-width: 542px) 85vw, 542px\" \/><\/figure>\n\n\n\n<p>10. Sumu (poika)<\/p>\n\n\n\n<figure class=\"wp-block-image size-full\"><img loading=\"lazy\" decoding=\"async\" width=\"540\" height=\"217\" src=\"http:\/\/www.mirak.vlab.fi\/Pentulive\/wp-content\/uploads\/2025\/11\/Screenshot-2025-11-25-134656.png\" alt=\"\" class=\"wp-image-23\" srcset=\"https:\/\/www.mirak.vlab.fi\/Pentulive\/wp-content\/uploads\/2025\/11\/Screenshot-2025-11-25-134656.png 540w, https:\/\/www.mirak.vlab.fi\/Pentulive\/wp-content\/uploads\/2025\/11\/Screenshot-2025-11-25-134656-300x121.png 300w, https:\/\/www.mirak.vlab.fi\/Pentulive\/wp-content\/uploads\/2025\/11\/Screenshot-2025-11-25-134656-380x153.png 380w\" sizes=\"auto, (max-width: 540px) 85vw, 540px\" \/><\/figure>\n\n\n\n<p>11. Kuura (tytt\u00f6)<\/p>\n\n\n\n<p>Kuvat: Yle 2025, <a href=\"https:\/\/yle.fi\/a\/74-20190301\">https:\/\/yle.fi\/a\/74-20190301<\/a><\/p>\n\n\n\n<p><\/p>\n","protected":false},"excerpt":{"rendered":"<p>Pentulive on Yle Areenassa esitett\u00e4v\u00e4 8 viikkoa kest\u00e4v\u00e4 livel\u00e4hetys, jonka aikana seurataan koiranpentujen kasvua syntym\u00e4st\u00e4 luovutusik\u00e4\u00e4n asti. T\u00e4m\u00e4n vuoden Pentulive on j\u00e4rjestyksess\u00e4\u00e4n viides, ja nyt rotuna on englanninspringerspaniel. Koiranpentujen emo Muru on ensimm\u00e4ist\u00e4 kertaa emon hommissa &#8211; ja pentuja syntyi 15.10. 11 kappaletta! Siin\u00e4 riitt\u00e4\u00e4 Murulla tekemist\u00e4. Kuva: Yle Areena Pentuja syntyi tosiaan 11 kappaletta, &hellip; <a href=\"https:\/\/www.mirak.vlab.fi\/Pentulive\/\" class=\"more-link\">Continue reading<span class=\"screen-reader-text\"> &#8220;Pentulive 2025&#8221;<\/span><\/a><\/p>\n","protected":false},"author":1,"featured_media":0,"parent":0,"menu_order":0,"comment_status":"closed","ping_status":"closed","template":"","meta":{"footnotes":""},"class_list":["post-9","page","type-page","status-publish","hentry"],"_links":{"self":[{"href":"https:\/\/www.mirak.vlab.fi\/Pentulive\/index.php\/wp-json\/wp\/v2\/pages\/9","targetHints":{"allow":["GET"]}}],"collection":[{"href":"https:\/\/www.mirak.vlab.fi\/Pentulive\/index.php\/wp-json\/wp\/v2\/pages"}],"about":[{"href":"https:\/\/www.mirak.vlab.fi\/Pentulive\/index.php\/wp-json\/wp\/v2\/types\/page"}],"author":[{"embeddable":true,"href":"https:\/\/www.mirak.vlab.fi\/Pentulive\/index.php\/wp-json\/wp\/v2\/users\/1"}],"replies":[{"embeddable":true,"href":"https:\/\/www.mirak.vlab.fi\/Pentulive\/index.php\/wp-json\/wp\/v2\/comments?post=9"}],"version-history":[{"count":1,"href":"https:\/\/www.mirak.vlab.fi\/Pentulive\/index.php\/wp-json\/wp\/v2\/pages\/9\/revisions"}],"predecessor-version":[{"id":24,"href":"https:\/\/www.mirak.vlab.fi\/Pentulive\/index.php\/wp-json\/wp\/v2\/pages\/9\/revisions\/24"}],"wp:attachment":[{"href":"https:\/\/www.mirak.vlab.fi\/Pentulive\/index.php\/wp-json\/wp\/v2\/media?parent=9"}],"curies":[{"name":"wp","href":"https:\/\/api.w.org\/{rel}","templated":true}]}}